{"id":295,"date":"2020-07-14T09:55:08","date_gmt":"2020-07-14T09:55:08","guid":{"rendered":"http:\/\/monikamarija.com\/about-us\/"},"modified":"2021-09-21T09:49:54","modified_gmt":"2021-09-21T09:49:54","slug":"par-mani","status":"publish","type":"page","link":"https:\/\/monikamarija.com\/en\/par-mani\/","title":{"rendered":"About me"},"content":{"rendered":"<div data-elementor-type=\"wp-page\" data-elementor-id=\"295\" class=\"elementor elementor-295\">\n\t\t\t\t\t\t<section class=\"elementor-section elementor-top-section elementor-element elementor-element-7654b20 elementor-section-height-min-height elementor-section-content-bottom elementor-section-items-bottom elementor-section-boxed elementor-section-height-default\" data-id=\"7654b20\" data-element_type=\"section\" data-settings=\"{&quot;background_background&quot;:&quot;classic&quot;}\">\n\t\t\t\t\t\t\t<div class=\"elementor-background-overlay\"><\/div>\n\t\t\t\t\t\t\t<div class=\"elementor-container elementor-column-gap-no\">\n\t\t\t\t\t<div class=\"elementor-column elementor-col-100 elementor-top-column elementor-element elementor-element-84ecc6e\" data-id=\"84ecc6e\" data-element_type=\"column\">\n\t\t\t<div class=\"elementor-widget-wrap elementor-element-populated\">\n\t\t\t\t\t\t<div class=\"elementor-element elementor-element-6b189d5 elementor-widget elementor-widget-heading\" data-id=\"6b189d5\" data-element_type=\"widget\" data-widget_type=\"heading.default\">\n\t\t\t\t<div class=\"elementor-widget-container\">\n\t\t\t\t\t<h1 class=\"elementor-heading-title elementor-size-default\">About me<\/h1>\t\t\t\t<\/div>\n\t\t\t\t<\/div>\n\t\t\t\t\t<\/div>\n\t\t<\/div>\n\t\t\t\t\t<\/div>\n\t\t<\/section>\n\t\t\t\t<section class=\"elementor-section elementor-top-section elementor-element elementor-element-523f9f4 elementor-section-boxed elementor-section-height-default elementor-section-height-default\" data-id=\"523f9f4\" data-element_type=\"section\" data-settings=\"{&quot;background_background&quot;:&quot;classic&quot;}\">\n\t\t\t\t\t\t<div class=\"elementor-container elementor-column-gap-no\">\n\t\t\t\t\t<div class=\"elementor-column elementor-col-100 elementor-top-column elementor-element elementor-element-4529f70\" data-id=\"4529f70\" data-element_type=\"column\">\n\t\t\t<div class=\"elementor-widget-wrap elementor-element-populated\">\n\t\t\t\t\t\t<div class=\"elementor-element elementor-element-362bcef elementor-widget elementor-widget-heading\" data-id=\"362bcef\" data-element_type=\"widget\" data-widget_type=\"heading.default\">\n\t\t\t\t<div class=\"elementor-widget-container\">\n\t\t\t\t\t<h5 class=\"elementor-heading-title elementor-size-default\">\u2741<br><br><\/h5>\t\t\t\t<\/div>\n\t\t\t\t<\/div>\n\t\t\t\t<section class=\"elementor-section elementor-inner-section elementor-element elementor-element-70f3000 elementor-section-boxed elementor-section-height-default elementor-section-height-default\" data-id=\"70f3000\" data-element_type=\"section\">\n\t\t\t\t\t\t<div class=\"elementor-container elementor-column-gap-default\">\n\t\t\t\t\t<div class=\"elementor-column elementor-col-50 elementor-inner-column elementor-element elementor-element-6bee345\" data-id=\"6bee345\" data-element_type=\"column\">\n\t\t\t<div class=\"elementor-widget-wrap elementor-element-populated\">\n\t\t\t\t\t\t<div class=\"elementor-element elementor-element-da9569c elementor-widget elementor-widget-image\" data-id=\"da9569c\" data-element_type=\"widget\" data-widget_type=\"image.default\">\n\t\t\t\t<div class=\"elementor-widget-container\">\n\t\t\t\t\t\t\t\t\t\t\t\t\t\t\t<img fetchpriority=\"high\" decoding=\"async\" width=\"682\" height=\"1024\" src=\"https:\/\/monikamarija.com\/wp-content\/uploads\/2021\/02\/152420108_249992866702634_372884266936503255_n-682x1024.jpg\" class=\"attachment-large size-large wp-image-3675\" alt=\"Monika Marija\" srcset=\"https:\/\/monikamarija.com\/wp-content\/uploads\/2021\/02\/152420108_249992866702634_372884266936503255_n-682x1024.jpg 682w, https:\/\/monikamarija.com\/wp-content\/uploads\/2021\/02\/152420108_249992866702634_372884266936503255_n-200x300.jpg 200w, https:\/\/monikamarija.com\/wp-content\/uploads\/2021\/02\/152420108_249992866702634_372884266936503255_n-768x1152.jpg 768w, https:\/\/monikamarija.com\/wp-content\/uploads\/2021\/02\/152420108_249992866702634_372884266936503255_n-1024x1536.jpg 1024w, https:\/\/monikamarija.com\/wp-content\/uploads\/2021\/02\/152420108_249992866702634_372884266936503255_n-1365x2048.jpg 1365w, https:\/\/monikamarija.com\/wp-content\/uploads\/2021\/02\/152420108_249992866702634_372884266936503255_n-scaled.jpg 1706w\" sizes=\"(max-width: 682px) 100vw, 682px\" \/>\t\t\t\t\t\t\t\t\t\t\t\t\t\t\t<\/div>\n\t\t\t\t<\/div>\n\t\t\t\t\t<\/div>\n\t\t<\/div>\n\t\t\t\t<div class=\"elementor-column elementor-col-50 elementor-inner-column elementor-element elementor-element-53ebd49\" data-id=\"53ebd49\" data-element_type=\"column\">\n\t\t\t<div class=\"elementor-widget-wrap elementor-element-populated\">\n\t\t\t\t\t\t<div class=\"elementor-element elementor-element-ee2585a elementor-widget elementor-widget-text-editor\" data-id=\"ee2585a\" data-element_type=\"widget\" data-widget_type=\"text-editor.default\">\n\t\t\t\t<div class=\"elementor-widget-container\">\n\t\t\t\t\t\t\t\t\t<p>&nbsp; My full name is <b>Monika Marija Messinga<\/b>. I have always been a creative person. All my school years music was a big part of my life, I'm also a big horse lover so my hobby was equestrian sport for a long time. When I got older  I decided that I want to be a painter so I started going to artist courses, but in the end I chose to be a TV producer, so I got a Bachelor's degree in <strong>Multimedia production<\/strong>. Now i'm also working with<strong> social media.<\/strong> You can read more about it <strong><a href=\"https:\/\/monikamarija.com\/en\/socialie-mediji\/\">here<\/a><\/strong>.<\/p>\n<p>Interests come and go, but the thing that has remained in my heart for life is - <strong>photography.<\/strong>I am a positive person, I always try to find good  in any situation. I am very <strong>communicative<\/strong>, so we will definitely find a common language. I always pay attention to the details, but the most important thing to me is - being natural. I think that the secret of good photography is <strong>Real emotions<\/strong>, to catch the real feelings of the moment. I'm also \n a big <strong>animal lover<\/strong>, so I will be very happy if you will take your four-legged friends to photoshoot.<br>I'm all about adventures , wild love and the most beautiful sunsets.<\/p>\n<p>Book your photoshoot <strong><a href=\"https:\/\/monikamarija.com\/en\/kontakti\/\">here<\/a><\/strong> and see you soon!<\/p>\t\t\t\t\t\t\t\t<\/div>\n\t\t\t\t<\/div>\n\t\t\t\t\t<\/div>\n\t\t<\/div>\n\t\t\t\t\t<\/div>\n\t\t<\/section>\n\t\t\t\t<section class=\"elementor-section elementor-inner-section elementor-element elementor-element-270c533 elementor-section-boxed elementor-section-height-default elementor-section-height-default\" data-id=\"270c533\" data-element_type=\"section\">\n\t\t\t\t\t\t<div class=\"elementor-container elementor-column-gap-default\">\n\t\t\t\t\t<div class=\"elementor-column elementor-col-50 elementor-inner-column elementor-element elementor-element-b164dcf\" data-id=\"b164dcf\" data-element_type=\"column\">\n\t\t\t<div class=\"elementor-widget-wrap elementor-element-populated\">\n\t\t\t\t\t\t<div class=\"elementor-element elementor-element-83259a2 elementor-widget elementor-widget-image\" data-id=\"83259a2\" data-element_type=\"widget\" data-widget_type=\"image.default\">\n\t\t\t\t<div class=\"elementor-widget-container\">\n\t\t\t\t\t\t\t\t\t\t\t\t\t\t\t<img decoding=\"async\" width=\"1707\" height=\"2560\" src=\"https:\/\/monikamarija.com\/wp-content\/uploads\/2021\/02\/MMM-Photography-65-1-scaled.jpg\" class=\"attachment-full size-full wp-image-3263\" alt=\"Monika Marija\" srcset=\"https:\/\/monikamarija.com\/wp-content\/uploads\/2021\/02\/MMM-Photography-65-1-scaled.jpg 1707w, https:\/\/monikamarija.com\/wp-content\/uploads\/2021\/02\/MMM-Photography-65-1-200x300.jpg 200w, https:\/\/monikamarija.com\/wp-content\/uploads\/2021\/02\/MMM-Photography-65-1-683x1024.jpg 683w, https:\/\/monikamarija.com\/wp-content\/uploads\/2021\/02\/MMM-Photography-65-1-768x1152.jpg 768w, https:\/\/monikamarija.com\/wp-content\/uploads\/2021\/02\/MMM-Photography-65-1-1024x1536.jpg 1024w, https:\/\/monikamarija.com\/wp-content\/uploads\/2021\/02\/MMM-Photography-65-1-1365x2048.jpg 1365w\" sizes=\"(max-width: 1707px) 100vw, 1707px\" \/>\t\t\t\t\t\t\t\t\t\t\t\t\t\t\t<\/div>\n\t\t\t\t<\/div>\n\t\t\t\t\t<\/div>\n\t\t<\/div>\n\t\t\t\t<div class=\"elementor-column elementor-col-50 elementor-inner-column elementor-element elementor-element-30fb6a0\" data-id=\"30fb6a0\" data-element_type=\"column\">\n\t\t\t<div class=\"elementor-widget-wrap elementor-element-populated\">\n\t\t\t\t\t\t<div class=\"elementor-element elementor-element-f1005c8 elementor-widget elementor-widget-image\" data-id=\"f1005c8\" data-element_type=\"widget\" data-widget_type=\"image.default\">\n\t\t\t\t<div class=\"elementor-widget-container\">\n\t\t\t\t\t\t\t\t\t\t\t\t\t\t\t<img decoding=\"async\" width=\"683\" height=\"1024\" src=\"https:\/\/monikamarija.com\/wp-content\/uploads\/2021\/02\/118231216_3325272820829517_7661881943218859028_o-683x1024.jpg\" class=\"attachment-large size-large wp-image-3464\" alt=\"Monika Marija\" srcset=\"https:\/\/monikamarija.com\/wp-content\/uploads\/2021\/02\/118231216_3325272820829517_7661881943218859028_o-683x1024.jpg 683w, https:\/\/monikamarija.com\/wp-content\/uploads\/2021\/02\/118231216_3325272820829517_7661881943218859028_o-200x300.jpg 200w, https:\/\/monikamarija.com\/wp-content\/uploads\/2021\/02\/118231216_3325272820829517_7661881943218859028_o-768x1152.jpg 768w, https:\/\/monikamarija.com\/wp-content\/uploads\/2021\/02\/118231216_3325272820829517_7661881943218859028_o-1024x1536.jpg 1024w, https:\/\/monikamarija.com\/wp-content\/uploads\/2021\/02\/118231216_3325272820829517_7661881943218859028_o.jpg 1140w\" sizes=\"(max-width: 683px) 100vw, 683px\" \/>\t\t\t\t\t\t\t\t\t\t\t\t\t\t\t<\/div>\n\t\t\t\t<\/div>\n\t\t\t\t\t<\/div>\n\t\t<\/div>\n\t\t\t\t\t<\/div>\n\t\t<\/section>\n\t\t\t\t<section class=\"elementor-section elementor-inner-section elementor-element elementor-element-4672cd0 elementor-section-boxed elementor-section-height-default elementor-section-height-default\" data-id=\"4672cd0\" data-element_type=\"section\">\n\t\t\t\t\t\t<div class=\"elementor-container elementor-column-gap-default\">\n\t\t\t\t\t<div class=\"elementor-column elementor-col-50 elementor-inner-column elementor-element elementor-element-3fc3f51\" data-id=\"3fc3f51\" data-element_type=\"column\">\n\t\t\t<div class=\"elementor-widget-wrap elementor-element-populated\">\n\t\t\t\t\t\t<div class=\"elementor-element elementor-element-52deac5 elementor-widget elementor-widget-image\" data-id=\"52deac5\" data-element_type=\"widget\" data-widget_type=\"image.default\">\n\t\t\t\t<div class=\"elementor-widget-container\">\n\t\t\t\t\t\t\t\t\t\t\t\t\t\t\t<img loading=\"lazy\" decoding=\"async\" width=\"683\" height=\"1024\" src=\"https:\/\/monikamarija.com\/wp-content\/uploads\/2021\/02\/MMM-Photography-4-1-683x1024.jpg\" class=\"attachment-large size-large wp-image-3261\" alt=\"\" srcset=\"https:\/\/monikamarija.com\/wp-content\/uploads\/2021\/02\/MMM-Photography-4-1-683x1024.jpg 683w, https:\/\/monikamarija.com\/wp-content\/uploads\/2021\/02\/MMM-Photography-4-1-200x300.jpg 200w, https:\/\/monikamarija.com\/wp-content\/uploads\/2021\/02\/MMM-Photography-4-1-768x1152.jpg 768w, https:\/\/monikamarija.com\/wp-content\/uploads\/2021\/02\/MMM-Photography-4-1-1024x1536.jpg 1024w, https:\/\/monikamarija.com\/wp-content\/uploads\/2021\/02\/MMM-Photography-4-1-1365x2048.jpg 1365w, https:\/\/monikamarija.com\/wp-content\/uploads\/2021\/02\/MMM-Photography-4-1-scaled.jpg 1707w\" sizes=\"(max-width: 683px) 100vw, 683px\" \/>\t\t\t\t\t\t\t\t\t\t\t\t\t\t\t<\/div>\n\t\t\t\t<\/div>\n\t\t\t\t\t<\/div>\n\t\t<\/div>\n\t\t\t\t<div class=\"elementor-column elementor-col-50 elementor-inner-column elementor-element elementor-element-27779a9\" data-id=\"27779a9\" data-element_type=\"column\">\n\t\t\t<div class=\"elementor-widget-wrap elementor-element-populated\">\n\t\t\t\t\t\t<div class=\"elementor-element elementor-element-d23ca54 elementor-widget elementor-widget-image\" data-id=\"d23ca54\" data-element_type=\"widget\" data-widget_type=\"image.default\">\n\t\t\t\t<div class=\"elementor-widget-container\">\n\t\t\t\t\t\t\t\t\t\t\t\t\t\t\t<img loading=\"lazy\" decoding=\"async\" width=\"683\" height=\"1024\" src=\"https:\/\/monikamarija.com\/wp-content\/uploads\/2021\/02\/MMM-Photography-113-683x1024.jpg\" class=\"attachment-large size-large wp-image-3264\" alt=\"\" srcset=\"https:\/\/monikamarija.com\/wp-content\/uploads\/2021\/02\/MMM-Photography-113-683x1024.jpg 683w, https:\/\/monikamarija.com\/wp-content\/uploads\/2021\/02\/MMM-Photography-113-200x300.jpg 200w, https:\/\/monikamarija.com\/wp-content\/uploads\/2021\/02\/MMM-Photography-113-768x1152.jpg 768w, https:\/\/monikamarija.com\/wp-content\/uploads\/2021\/02\/MMM-Photography-113-1024x1536.jpg 1024w, https:\/\/monikamarija.com\/wp-content\/uploads\/2021\/02\/MMM-Photography-113-1365x2048.jpg 1365w, https:\/\/monikamarija.com\/wp-content\/uploads\/2021\/02\/MMM-Photography-113-scaled.jpg 1707w\" sizes=\"(max-width: 683px) 100vw, 683px\" \/>\t\t\t\t\t\t\t\t\t\t\t\t\t\t\t<\/div>\n\t\t\t\t<\/div>\n\t\t\t\t\t<\/div>\n\t\t<\/div>\n\t\t\t\t\t<\/div>\n\t\t<\/section>\n\t\t\t\t\t<\/div>\n\t\t<\/div>\n\t\t\t\t\t<\/div>\n\t\t<\/section>\n\t\t\t\t<\/div>","protected":false},"excerpt":{"rendered":"<p>Par mani \u2741 &nbsp; Mans pilnais v\u0101rds ir Monika Marija Messinga. Es vienm\u0113r esmu bijusi rado\u0161a person\u012bba. Jau no mazotnes es iesaist\u012bjos da\u017e\u0101dos pulci\u0146os. M\u016bzika bija manas dz\u012bves neat\u0146emama sast\u0101vda\u013ca visu skolas laiku, t\u0101pat ilgto\u0161i nodarbojos ar j\u0101\u0161anas sportu, tad izl\u0113mu, ka v\u0113los b\u016bt m\u0101ksliniece, bet beig\u0101s, ka tom\u0113r b\u016b\u0161u TV producente, t\u0101d\u0113\u013c ieguvu Bakalaura [&hellip;]<\/p>\n","protected":false},"author":1,"featured_media":0,"parent":0,"menu_order":0,"comment_status":"closed","ping_status":"closed","template":"","meta":{"_uag_custom_page_level_css":"","site-sidebar-layout":"no-sidebar","site-content-layout":"page-builder","ast-site-content-layout":"","site-content-style":"default","site-sidebar-style":"default","ast-global-header-display":"","ast-banner-title-visibility":"","ast-main-header-display":"","ast-hfb-above-header-display":"","ast-hfb-below-header-display":"","ast-hfb-mobile-header-display":"","site-post-title":"disabled","ast-breadcrumbs-content":"disabled","ast-featured-img":"disabled","footer-sml-layout":"","theme-transparent-header-meta":"enabled","adv-header-id-meta":"","stick-header-meta":"","header-above-stick-meta":"","header-main-stick-meta":"","header-below-stick-meta":"","astra-migrate-meta-layouts":"default","ast-page-background-enabled":"default","ast-page-background-meta":{"desktop":{"background-color":"","background-image":"","background-repeat":"repeat","background-position":"center center","background-size":"auto","background-attachment":"scroll","background-type":"","background-media":"","overlay-type":"","overlay-color":"","overlay-opacity":"","overlay-gradient":""},"tablet":{"background-color":"","background-image":"","background-repeat":"repeat","background-position":"center center","background-size":"auto","background-attachment":"scroll","background-type":"","background-media":"","overlay-type":"","overlay-color":"","overlay-opacity":"","overlay-gradient":""},"mobile":{"background-color":"","background-image":"","background-repeat":"repeat","background-position":"center center","background-size":"auto","background-attachment":"scroll","background-type":"","background-media":"","overlay-type":"","overlay-color":"","overlay-opacity":"","overlay-gradient":""}},"ast-content-background-meta":{"desktop":{"background-color":"var(--ast-global-color-5)","background-image":"","background-repeat":"repeat","background-position":"center center","background-size":"auto","background-attachment":"scroll","background-type":"","background-media":"","overlay-type":"","overlay-color":"","overlay-opacity":"","overlay-gradient":""},"tablet":{"background-color":"var(--ast-global-color-5)","background-image":"","background-repeat":"repeat","background-position":"center center","background-size":"auto","background-attachment":"scroll","background-type":"","background-media":"","overlay-type":"","overlay-color":"","overlay-opacity":"","overlay-gradient":""},"mobile":{"background-color":"var(--ast-global-color-5)","background-image":"","background-repeat":"repeat","background-position":"center center","background-size":"auto","background-attachment":"scroll","background-type":"","background-media":"","overlay-type":"","overlay-color":"","overlay-opacity":"","overlay-gradient":""}},"_vp_format_video_url":"","_vp_image_focal_point":[],"footnotes":""},"class_list":["post-295","page","type-page","status-publish","hentry"],"uagb_featured_image_src":{"full":false,"thumbnail":false,"medium":false,"medium_large":false,"large":false,"1536x1536":false,"2048x2048":false,"trp-custom-language-flag":false,"vp_sm":false,"vp_md":false,"vp_lg":false,"vp_xl":false,"vp_sm_popup":false,"vp_md_popup":false,"vp_xl_popup":false},"uagb_author_info":{"display_name":"admin","author_link":"https:\/\/monikamarija.com\/en\/author\/admin\/"},"uagb_comment_info":0,"uagb_excerpt":"Par mani \u2741 &nbsp; Mans pilnais v\u0101rds ir Monika Marija Messinga. Es vienm\u0113r esmu bijusi rado\u0161a person\u012bba. Jau no mazotnes es iesaist\u012bjos da\u017e\u0101dos pulci\u0146os. M\u016bzika bija manas dz\u012bves neat\u0146emama sast\u0101vda\u013ca visu skolas laiku, t\u0101pat ilgto\u0161i nodarbojos ar j\u0101\u0161anas sportu, tad izl\u0113mu, ka v\u0113los b\u016bt m\u0101ksliniece, bet beig\u0101s, ka tom\u0113r b\u016b\u0161u TV producente, t\u0101d\u0113\u013c ieguvu Bakalaura&hellip;","_links":{"self":[{"href":"https:\/\/monikamarija.com\/en\/wp-json\/wp\/v2\/pages\/295","targetHints":{"allow":["GET"]}}],"collection":[{"href":"https:\/\/monikamarija.com\/en\/wp-json\/wp\/v2\/pages"}],"about":[{"href":"https:\/\/monikamarija.com\/en\/wp-json\/wp\/v2\/types\/page"}],"author":[{"embeddable":true,"href":"https:\/\/monikamarija.com\/en\/wp-json\/wp\/v2\/users\/1"}],"replies":[{"embeddable":true,"href":"https:\/\/monikamarija.com\/en\/wp-json\/wp\/v2\/comments?post=295"}],"version-history":[{"count":145,"href":"https:\/\/monikamarija.com\/en\/wp-json\/wp\/v2\/pages\/295\/revisions"}],"predecessor-version":[{"id":93071,"href":"https:\/\/monikamarija.com\/en\/wp-json\/wp\/v2\/pages\/295\/revisions\/93071"}],"wp:attachment":[{"href":"https:\/\/monikamarija.com\/en\/wp-json\/wp\/v2\/media?parent=295"}],"curies":[{"name":"wp","href":"https:\/\/api.w.org\/{rel}","templated":true}]}}